{"id":49,"date":"2026-02-27T21:47:04","date_gmt":"2026-02-27T21:47:04","guid":{"rendered":"http:\/\/dev.flugplatzfest.info\/?page_id=49"},"modified":"2026-03-02T18:23:07","modified_gmt":"2026-03-02T18:23:07","slug":"rundfluege","status":"publish","type":"page","link":"https:\/\/flugplatzfest.info\/?page_id=49","title":{"rendered":"RUNDFL\u00dcGE"},"content":{"rendered":"\n<p>Mir folgenden Flugzeugen k\u00f6nnen Sie das Flugplatzfest von oben erleben. Verkauf erfolgt vor Ort, wenn nicht anders angegeben.<\/p>\n\n\n\n<p>W\u00e4hrend der Flugschau finden keine Rundfl\u00fcge statt.<\/p>\n\n\n\n<div class=\"wp-block-columns is-layout-flex wp-container-core-columns-is-layout-28f84493 wp-block-columns-is-layout-flex\">\n<div class=\"wp-block-column is-layout-flow wp-block-column-is-layout-flow\" style=\"flex-basis:66.66%\">\n<figure class=\"wp-block-image size-full\"><img loading=\"lazy\" decoding=\"async\" width=\"1000\" height=\"666\" src=\"http:\/\/dev.flugplatzfest.info\/wp-content\/uploads\/2026\/03\/140823_EDBI_L1003028_pc.jpg\" alt=\"\" class=\"wp-image-68\" srcset=\"https:\/\/flugplatzfest.info\/wp-content\/uploads\/2026\/03\/140823_EDBI_L1003028_pc.jpg 1000w, https:\/\/flugplatzfest.info\/wp-content\/uploads\/2026\/03\/140823_EDBI_L1003028_pc-300x200.jpg 300w, https:\/\/flugplatzfest.info\/wp-content\/uploads\/2026\/03\/140823_EDBI_L1003028_pc-768x511.jpg 768w\" sizes=\"auto, (max-width: 1000px) 100vw, 1000px\" \/><\/figure>\n<\/div>\n\n\n\n<div class=\"wp-block-column is-vertically-aligned-center is-layout-flow wp-block-column-is-layout-flow\" style=\"flex-basis:33.33%\">\n<p class=\"has-large-font-size\">Zlin Z43<\/p>\n\n\n\n<p>3 Personen<br>20 Minuten<br>120 Euro<\/p>\n<\/div>\n<\/div>\n\n\n\n<div class=\"wp-block-columns is-layout-flex wp-container-core-columns-is-layout-28f84493 wp-block-columns-is-layout-flex\">\n<div class=\"wp-block-column is-layout-flow wp-block-column-is-layout-flow\" style=\"flex-basis:66.66%\">\n<figure class=\"wp-block-image size-full\"><img loading=\"lazy\" decoding=\"async\" width=\"768\" height=\"576\" src=\"http:\/\/dev.flugplatzfest.info\/wp-content\/uploads\/2026\/03\/IMG-20240730-WA0001-768x576-1.jpg\" alt=\"\" class=\"wp-image-103\" srcset=\"https:\/\/flugplatzfest.info\/wp-content\/uploads\/2026\/03\/IMG-20240730-WA0001-768x576-1.jpg 768w, https:\/\/flugplatzfest.info\/wp-content\/uploads\/2026\/03\/IMG-20240730-WA0001-768x576-1-300x225.jpg 300w\" sizes=\"auto, (max-width: 768px) 100vw, 768px\" \/><\/figure>\n<\/div>\n\n\n\n<div class=\"wp-block-column is-vertically-aligned-center is-layout-flow wp-block-column-is-layout-flow\" style=\"flex-basis:33.33%\">\n<p class=\"has-large-font-size\">Zlin Z42<\/p>\n\n\n\n<p>1 Person<br>20 Minuten<br>100 Euro<\/p>\n<\/div>\n<\/div>\n\n\n\n<div class=\"wp-block-columns is-layout-flex wp-container-core-columns-is-layout-28f84493 wp-block-columns-is-layout-flex\">\n<div class=\"wp-block-column is-layout-flow wp-block-column-is-layout-flow\" style=\"flex-basis:66.66%\">\n<figure class=\"wp-block-image size-full\"><img loading=\"lazy\" decoding=\"async\" width=\"800\" height=\"450\" src=\"http:\/\/dev.flugplatzfest.info\/wp-content\/uploads\/2026\/03\/Dimona-Elstertalbruecke.jpg\" alt=\"\" class=\"wp-image-67\" srcset=\"https:\/\/flugplatzfest.info\/wp-content\/uploads\/2026\/03\/Dimona-Elstertalbruecke.jpg 800w, https:\/\/flugplatzfest.info\/wp-content\/uploads\/2026\/03\/Dimona-Elstertalbruecke-300x169.jpg 300w, https:\/\/flugplatzfest.info\/wp-content\/uploads\/2026\/03\/Dimona-Elstertalbruecke-768x432.jpg 768w\" sizes=\"auto, (max-width: 800px) 100vw, 800px\" \/><\/figure>\n<\/div>\n\n\n\n<div class=\"wp-block-column is-vertically-aligned-center is-layout-flow wp-block-column-is-layout-flow\" style=\"flex-basis:33.33%\">\n<p class=\"has-large-font-size\">Super Dimona<\/p>\n\n\n\n<p>1 Person<br>20 Minuten<br>60 Euro<\/p>\n<\/div>\n<\/div>\n\n\n\n<div class=\"wp-block-columns is-layout-flex wp-container-core-columns-is-layout-28f84493 wp-block-columns-is-layout-flex\">\n<div class=\"wp-block-column is-layout-flow wp-block-column-is-layout-flow\" style=\"flex-basis:66.66%\">\n<figure class=\"wp-block-image size-large\"><img loading=\"lazy\" decoding=\"async\" width=\"1024\" height=\"768\" src=\"http:\/\/dev.flugplatzfest.info\/wp-content\/uploads\/2026\/03\/C42C-1024x768.jpg\" alt=\"\" class=\"wp-image-60\" srcset=\"https:\/\/flugplatzfest.info\/wp-content\/uploads\/2026\/03\/C42C-1024x768.jpg 1024w, https:\/\/flugplatzfest.info\/wp-content\/uploads\/2026\/03\/C42C-300x225.jpg 300w, https:\/\/flugplatzfest.info\/wp-content\/uploads\/2026\/03\/C42C-768x576.jpg 768w, https:\/\/flugplatzfest.info\/wp-content\/uploads\/2026\/03\/C42C-1536x1152.jpg 1536w, https:\/\/flugplatzfest.info\/wp-content\/uploads\/2026\/03\/C42C.jpg 2016w\" sizes=\"auto, (max-width: 1024px) 100vw, 1024px\" \/><\/figure>\n<\/div>\n\n\n\n<div class=\"wp-block-column is-vertically-aligned-center is-layout-flow wp-block-column-is-layout-flow\" style=\"flex-basis:33.33%\">\n<p class=\"has-large-font-size\">UL C42<\/p>\n\n\n\n<p>1 Person<br>20 Minuten<br>60 Euro<\/p>\n<\/div>\n<\/div>\n\n\n\n<div class=\"wp-block-columns is-layout-flex wp-container-core-columns-is-layout-28f84493 wp-block-columns-is-layout-flex\">\n<div class=\"wp-block-column is-layout-flow wp-block-column-is-layout-flow\" style=\"flex-basis:66.66%\">\n<figure class=\"wp-block-image size-full\"><img loading=\"lazy\" decoding=\"async\" width=\"1024\" height=\"768\" src=\"http:\/\/dev.flugplatzfest.info\/wp-content\/uploads\/2026\/03\/20240810_173633-1024x768-1.jpg\" alt=\"\" class=\"wp-image-104\" srcset=\"https:\/\/flugplatzfest.info\/wp-content\/uploads\/2026\/03\/20240810_173633-1024x768-1.jpg 1024w, https:\/\/flugplatzfest.info\/wp-content\/uploads\/2026\/03\/20240810_173633-1024x768-1-300x225.jpg 300w, https:\/\/flugplatzfest.info\/wp-content\/uploads\/2026\/03\/20240810_173633-1024x768-1-768x576.jpg 768w\" sizes=\"auto, (max-width: 1024px) 100vw, 1024px\" \/><\/figure>\n<\/div>\n\n\n\n<div class=\"wp-block-column is-vertically-aligned-center is-layout-flow wp-block-column-is-layout-flow\" style=\"flex-basis:33.33%\">\n<p class=\"has-large-font-size\">Segelflug<\/p>\n\n\n\n<p>ASK 21 oder SZD-50-3 &#8222;Puchacz&#8220;<\/p>\n\n\n\n<p>1 Person<br>Windenstart bis 10 Minuten<br>25 Euro<\/p>\n<\/div>\n<\/div>\n\n\n\n<div class=\"wp-block-columns is-layout-flex wp-container-core-columns-is-layout-28f84493 wp-block-columns-is-layout-flex\">\n<div class=\"wp-block-column is-layout-flow wp-block-column-is-layout-flow\" style=\"flex-basis:33.33%\"><\/div>\n\n\n\n<div class=\"wp-block-column is-layout-flow wp-block-column-is-layout-flow\" style=\"flex-basis:66.66%\"><\/div>\n<\/div>\n","protected":false},"excerpt":{"rendered":"<p>Mir folgenden Flugzeugen k\u00f6nnen Sie das Flugplatzfest von oben erleben. Verkauf erfolgt vor Ort, wenn nicht anders angegeben. W\u00e4hrend der Flugschau finden keine Rundfl\u00fcge statt. Zlin Z43 3 Personen20 Minuten120 Euro Zlin Z42 1 Person20 Minuten100 Euro Super Dimona 1 Person20 Minuten60 Euro UL C42 1 Person20 Minuten60 Euro Segelflug ASK 21 oder SZD-50-3 &#8222;Puchacz&#8220; [&hellip;]<\/p>\n","protected":false},"author":1,"featured_media":0,"parent":0,"menu_order":0,"comment_status":"closed","ping_status":"closed","template":"","meta":{"footnotes":""},"class_list":["post-49","page","type-page","status-publish","hentry"],"_links":{"self":[{"href":"https:\/\/flugplatzfest.info\/index.php?rest_route=\/wp\/v2\/pages\/49","targetHints":{"allow":["GET"]}}],"collection":[{"href":"https:\/\/flugplatzfest.info\/index.php?rest_route=\/wp\/v2\/pages"}],"about":[{"href":"https:\/\/flugplatzfest.info\/index.php?rest_route=\/wp\/v2\/types\/page"}],"author":[{"embeddable":true,"href":"https:\/\/flugplatzfest.info\/index.php?rest_route=\/wp\/v2\/users\/1"}],"replies":[{"embeddable":true,"href":"https:\/\/flugplatzfest.info\/index.php?rest_route=%2Fwp%2Fv2%2Fcomments&post=49"}],"version-history":[{"count":3,"href":"https:\/\/flugplatzfest.info\/index.php?rest_route=\/wp\/v2\/pages\/49\/revisions"}],"predecessor-version":[{"id":125,"href":"https:\/\/flugplatzfest.info\/index.php?rest_route=\/wp\/v2\/pages\/49\/revisions\/125"}],"wp:attachment":[{"href":"https:\/\/flugplatzfest.info\/index.php?rest_route=%2Fwp%2Fv2%2Fmedia&parent=49"}],"curies":[{"name":"wp","href":"https:\/\/api.w.org\/{rel}","templated":true}]}}