{"id":47,"date":"2026-02-27T21:46:52","date_gmt":"2026-02-27T21:46:52","guid":{"rendered":"http:\/\/dev.flugplatzfest.info\/?page_id=47"},"modified":"2026-03-02T18:22:36","modified_gmt":"2026-03-02T18:22:36","slug":"infos","status":"publish","type":"page","link":"https:\/\/flugplatzfest.info\/?page_id=47","title":{"rendered":"INFOS"},"content":{"rendered":"\n<h2 class=\"wp-block-heading\">Samstag, 22.08.2026<\/h2>\n\n\n\n<p>bis 10 Uhr Technikschau<br>10 \u2013 19 Uhr Rundfl\u00fcge (Unterbrechung w\u00e4hrend der Flugschau)<\/p>\n\n\n\n<p class=\"has-large-font-size\"><strong>14 Uhr Internationale Airshow<\/strong><br><strong>ab 18:00 Hallenfest mit Ballongl\u00fchen<\/strong> (Eintritt frei)<\/p>\n\n\n\n<h2 class=\"wp-block-heading\">Sonntag, 23.08.2026<\/h2>\n\n\n\n<p>bis 10 Uhr Technikschau<br>10 \u2013 19 Uhr Rundfl\u00fcge (Unterbrechung w\u00e4hrend der Flugschau)<\/p>\n\n\n\n<p class=\"has-large-font-size\"><strong>14 Uhr Internationale Airshow<\/strong><\/p>\n\n\n\n<h2 class=\"wp-block-heading\">Eintrittspreise<\/h2>\n\n\n\n<p>Tickets gibt es an den Eing\u00e4ngen.<\/p>\n\n\n\n<figure class=\"wp-block-table is-style-stripes\"><table><tbody><tr><td>Erwachsene<\/td><td class=\"has-text-align-right\" data-align=\"right\">15 Euro<\/td><\/tr><tr><td>Kinder bis 16 Jahre<\/td><td class=\"has-text-align-right\" data-align=\"right\">5 Euro<\/td><\/tr><tr><td>Kinder bis 10 Jahre oder unter 1 Meter<\/td><td class=\"has-text-align-right\" data-align=\"right\">frei<\/td><\/tr><tr><td><\/td><td class=\"has-text-align-right\" data-align=\"right\"><\/td><\/tr><tr><td>Parkgeb\u00fchr<\/td><td class=\"has-text-align-right\" data-align=\"right\">3 Euro<\/td><\/tr><\/tbody><\/table><\/figure>\n\n\n\n<p><\/p>\n","protected":false},"excerpt":{"rendered":"<p>Samstag, 22.08.2026 bis 10 Uhr Technikschau10 \u2013 19 Uhr Rundfl\u00fcge (Unterbrechung w\u00e4hrend der Flugschau) 14 Uhr Internationale Airshowab 18:00 Hallenfest mit Ballongl\u00fchen (Eintritt frei) Sonntag, 23.08.2026 bis 10 Uhr Technikschau10 \u2013 19 Uhr Rundfl\u00fcge (Unterbrechung w\u00e4hrend der Flugschau) 14 Uhr Internationale Airshow Eintrittspreise Tickets gibt es an den Eing\u00e4ngen. Erwachsene 15 Euro Kinder bis 16 [&hellip;]<\/p>\n","protected":false},"author":1,"featured_media":0,"parent":0,"menu_order":0,"comment_status":"closed","ping_status":"closed","template":"","meta":{"footnotes":""},"class_list":["post-47","page","type-page","status-publish","hentry"],"_links":{"self":[{"href":"https:\/\/flugplatzfest.info\/index.php?rest_route=\/wp\/v2\/pages\/47","targetHints":{"allow":["GET"]}}],"collection":[{"href":"https:\/\/flugplatzfest.info\/index.php?rest_route=\/wp\/v2\/pages"}],"about":[{"href":"https:\/\/flugplatzfest.info\/index.php?rest_route=\/wp\/v2\/types\/page"}],"author":[{"embeddable":true,"href":"https:\/\/flugplatzfest.info\/index.php?rest_route=\/wp\/v2\/users\/1"}],"replies":[{"embeddable":true,"href":"https:\/\/flugplatzfest.info\/index.php?rest_route=%2Fwp%2Fv2%2Fcomments&post=47"}],"version-history":[{"count":5,"href":"https:\/\/flugplatzfest.info\/index.php?rest_route=\/wp\/v2\/pages\/47\/revisions"}],"predecessor-version":[{"id":124,"href":"https:\/\/flugplatzfest.info\/index.php?rest_route=\/wp\/v2\/pages\/47\/revisions\/124"}],"wp:attachment":[{"href":"https:\/\/flugplatzfest.info\/index.php?rest_route=%2Fwp%2Fv2%2Fmedia&parent=47"}],"curies":[{"name":"wp","href":"https:\/\/api.w.org\/{rel}","templated":true}]}}